{"id":762,"date":"2023-06-16T23:33:51","date_gmt":"2023-06-16T21:33:51","guid":{"rendered":"https:\/\/natvingen.se\/wordpress\/?page_id=762"},"modified":"2024-04-11T22:26:15","modified_gmt":"2024-04-11T20:26:15","slug":"ny-pa-natvingestigen","status":"publish","type":"page","link":"https:\/\/natvingen.se\/wordpress\/","title":{"rendered":"V\u00e4lkommen till N\u00e4tvingestigen"},"content":{"rendered":"\n<p><strong><mark style=\"background-color:rgba(0, 0, 0, 0)\" class=\"has-inline-color has-blue-color\"><a href=\"https:\/\/natvingen.se\/wordpress\/1976-2\/\" data-type=\"page\" data-id=\"1095\">1976. <\/a><br><\/mark><\/strong><mark style=\"background-color:rgba(0, 0, 0, 0);color:#fb0000\" class=\"has-inline-color\"><a href=\"https:\/\/natvingen.se\/wordpress\/1976-2\/\" data-type=\"page\" data-id=\"1095\">Vad h\u00e4nde 1976 mer \u00e4n att Link\u00f6pings Hockey Club bildades, Bj\u00f6rn Borg vann sin f\u00f6rsta Wimbledon, Abba sl\u00e4ppte Dancing Queen och kungen och Silvia gifte sig?<\/a><\/mark><\/p>\n\n\n\n<p><strong>N\u00e4tvingens samf\u00e4llighetsf\u00f6rening i korthet<\/strong><\/p>\n\n\n\n<p>H\u00e4r har vi samlat&nbsp;en del matnyttig information som du kan ha hj\u00e4lp av som spanar in v\u00e5rt omr\u00e5de eller redan har k\u00f6pt en bostad p\u00e5&nbsp;N\u00e4tvingestigen.&nbsp;Undrar du fortfarande saker efter att ha l\u00e4st detta f\u00e5r du v\u00e4ldigt g\u00e4rna h\u00f6ra av dig till&nbsp;<a href=\"mailto:ordf@natvingen.se\">ordf@natvingen.se<\/a><\/p>\n\n\n\n<p>\u2022&nbsp;<strong>Vad inneb\u00e4r det att vara medlem i en samf\u00e4llighet?<\/strong>&nbsp;<br>Samf\u00e4lligheten \u00e4r en f\u00f6rening, och du blir medlem d\u00e4r n\u00e4r du k\u00f6per din bostad. F\u00f6reningen har gemensamt ansvar f\u00f6r garagel\u00e4ngor, lekplatser, planteringar och annat som finns i omr\u00e5det. F\u00f6reningen leds av en styrelse som v\u00e4ljs p\u00e5 \u00e5rsst\u00e4mman varje v\u00e5r. Till \u00e5rsst\u00e4mman \u00e4r alla medlemmar inbjudna. Att \u00e4ga saker tillsammans \u00e4r v\u00e4ldigt praktiskt, men ocks\u00e5 f\u00f6rpliktigande, och att bo i en samf\u00e4llighet bygger p\u00e5 att man \u00e4r med och tar gemensamt ansvar alltefter f\u00f6rm\u00e5ga och livssituation.&nbsp;<\/p>\n\n\n\n<p>\u2022&nbsp;<strong>Informationskanaler<\/strong>. <br>N\u00e4r du blivit \u00e4gare till en bostad p\u00e5 N\u00e4tvingestigen kan du anm\u00e4la sig till e-postlistan samt Facebookgruppen.&nbsp;Facebookgruppen heter N\u00e4tvingestigen, Link\u00f6ping. Till e-postlistan anm\u00e4ler du dig genom att&nbsp;maila&nbsp;<a href=\"mailto:webmaster@natvingen.se\">webmaster@natvingen.se<\/a>&nbsp;(OBS! Endast f\u00f6r boende, och inte f\u00f6r intresserade eller nyfikna.)<\/p>\n\n\n\n<p>\u2022&nbsp;<strong>St\u00e4ddagar<\/strong>. <br>Varje h\u00f6st och v\u00e5r har vi en gemensam st\u00e4ddag i omr\u00e5det.&nbsp;D\u00e5 sopar vi grus, krattar l\u00f6v, fixar till lekplatser och andra saker som kan ha g\u00e5tt s\u00f6nder. Vi m\u00f6ts vid flaggst\u00e5ngen f\u00f6r genomg\u00e5ng klockan 9:00, och vid 11:00 \u00e4r det gemensamt fika vid garagen, d\u00e5 vi serverar korv och br\u00f6d, kaffe, bulle och saft.&nbsp;<\/p>\n\n\n\n<p>\u2022&nbsp;<strong>Vad \u00e4r en limpv\u00e4rd?<\/strong>&nbsp;<br>Varje radhusl\u00e4nga kallas f\u00f6r en limpa, och denna l\u00e4nga har en s\u00e5 kallad limpv\u00e4rd efter ett roterande system. Det skiftar i samband med v\u00e5r \u00e5rsst\u00e4mma, och rullar fr\u00e5n d\u00f6rr till d\u00f6rr ett \u00e5r i taget. Limpv\u00e4rden tar ibland s\u00e4rskilt ansvar f\u00f6r att dela upp arbetsuppgifter under st\u00e4ddagarna samt under \u00e5ret. Varje limpa har ett mindre ansvarsomr\u00e5de, d\u00e4r man klipper gr\u00e4s och sk\u00f6ter det som beh\u00f6vs just d\u00e4r.&nbsp;<\/p>\n\n\n\n<p>\u2022&nbsp;<strong>Ekonomi.<\/strong>&nbsp;<br>Vid \u00e5rsst\u00e4mman fastst\u00e4lls kommande \u00e5rs debiteringsl\u00e4ngd f\u00f6r varje fastighet.<\/p>\n\n\n\n<p>Medlemsavgiften f\u00f6r 2023&nbsp;\u00e4r&nbsp;9.000&nbsp;kr\/\u00e5r och fastighet. En del av denna avgift g\u00e5r till en underh\u00e5lls- och reparationsfond.&nbsp;Medlemsavgiften t\u00e4cker det gemensamma omr\u00e5dets kostnader s\u00e5 som reparationer p\u00e5 garage, mark, lekplatser, gr\u00f6nomr\u00e5den, belysning inom omr\u00e5det, centralantennen, spillvattnet samt v\u00e5rt dagvatten, (h\u00e4ngr\u00e4nnor och stupr\u00f6r). \u00c4ven&nbsp;kostnader f\u00f6r soph\u00e4mtning och den gemensamma&nbsp;kabel- TV-anl\u00e4ggningen ing\u00e5r i medlemsavgiften.&nbsp;Totalt utg\u00e5r&nbsp;fyra&nbsp;fakturor per \u00e5r till fastighets\u00e4garna.<\/p>\n\n\n\n<p>\u2022&nbsp;<strong>Meddela dig<\/strong>.&nbsp;H\u00f6r av dig till&nbsp;<a href=\"mailto:ordf@natvingen.se\">ordf@natvingen.se<\/a>&nbsp;om du just k\u00f6pt en fastighet.&nbsp;Vi vill g\u00e4rna m\u00f6ta dig och h\u00e4lsa dig v\u00e4lkommen hit, men beh\u00f6ver veta att du finns.&nbsp;<\/p>\n\n\n\n<p>\u2022&nbsp;<strong>Teknik och media<\/strong>.&nbsp;<\/p>\n\n\n\n<p>\u2022\u00a0<strong>Var st\u00e4ller man bilen?<\/strong>\u00a0Du har ett eget garage, men inte en egen parkeringsplats\u00a0utomhus. Det finns dock gott om plats.\u00a0<br>2024 installerades infrastruktur f\u00f6r elbilsladdning med laddbox i samtliga garage. Varje fastighet debiteras f\u00f6r sin f\u00f6rbrukning genom samf\u00e4lligheten<\/p>\n\n\n\n<p>\u2022&nbsp;<strong>Sopor och \u00e5tervinning<\/strong>.&nbsp;V\u00e5ra gemensamma sopk\u00e4rl \u00e4r l\u00e5sbara, och du f\u00e5r nyckel av tidigare \u00e4gare.D\u00e4r sl\u00e4ngs hush\u00e5llssopor, sorterade i matavfall och \u00f6vrigt. Vi har&nbsp;ingen \u00e5tervinningscentral i&nbsp;v\u00e5rt omr\u00e5de, men flera&nbsp;publika i n\u00e4rheten, bland annat i anslutning till Ekholmens Centrum.&nbsp;<\/p>\n\n\n\n<p>Varmt v\u00e4lkommen till N\u00e4tvingestigen. Vi hoppas och tror att du ska trivas h\u00e4r med oss andra.&nbsp;<\/p>\n\n\n\n<p>\/Styrelsen<\/p>\n","protected":false},"excerpt":{"rendered":"<p>1976. Vad h\u00e4nde 1976 mer \u00e4n att Link\u00f6pings Hockey Club bildades, Bj\u00f6rn Borg vann sin f\u00f6rsta Wimbledon, Abba sl\u00e4ppte Dancing Queen och kungen och Silvia gifte sig? N\u00e4tvingens samf\u00e4llighetsf\u00f6rening i [&hellip;]<\/p>\n","protected":false},"author":31,"featured_media":0,"parent":0,"menu_order":0,"comment_status":"closed","ping_status":"closed","template":"","meta":{"_EventAllDay":false,"_EventTimezone":"","_EventStartDate":"","_EventEndDate":"","_EventStartDateUTC":"","_EventEndDateUTC":"","_EventShowMap":false,"_EventShowMapLink":false,"_EventURL":"","_EventCost":"","_EventCostDescription":"","_EventCurrencySymbol":"","_EventCurrencyCode":"","_EventCurrencyPosition":"","_EventDateTimeSeparator":"","_EventTimeRangeSeparator":"","_EventOrganizerID":[],"_EventVenueID":[],"_OrganizerEmail":"","_OrganizerPhone":"","_OrganizerWebsite":"","_VenueAddress":"","_VenueCity":"","_VenueCountry":"","_VenueProvince":"","_VenueState":"","_VenueZip":"","_VenuePhone":"","_VenueURL":"","_VenueStateProvince":"","_VenueLat":"","_VenueLng":"","_VenueShowMap":false,"_VenueShowMapLink":false,"footnotes":""},"class_list":["post-762","page","type-page","status-publish","hentry"],"_links":{"self":[{"href":"https:\/\/natvingen.se\/wordpress\/wp-json\/wp\/v2\/pages\/762","targetHints":{"allow":["GET"]}}],"collection":[{"href":"https:\/\/natvingen.se\/wordpress\/wp-json\/wp\/v2\/pages"}],"about":[{"href":"https:\/\/natvingen.se\/wordpress\/wp-json\/wp\/v2\/types\/page"}],"author":[{"embeddable":true,"href":"https:\/\/natvingen.se\/wordpress\/wp-json\/wp\/v2\/users\/31"}],"replies":[{"embeddable":true,"href":"https:\/\/natvingen.se\/wordpress\/wp-json\/wp\/v2\/comments?post=762"}],"version-history":[{"count":7,"href":"https:\/\/natvingen.se\/wordpress\/wp-json\/wp\/v2\/pages\/762\/revisions"}],"predecessor-version":[{"id":1102,"href":"https:\/\/natvingen.se\/wordpress\/wp-json\/wp\/v2\/pages\/762\/revisions\/1102"}],"wp:attachment":[{"href":"https:\/\/natvingen.se\/wordpress\/wp-json\/wp\/v2\/media?parent=762"}],"curies":[{"name":"wp","href":"https:\/\/api.w.org\/{rel}","templated":true}]}}