{"id":39,"date":"2019-10-14T21:01:09","date_gmt":"2019-10-14T21:01:09","guid":{"rendered":"http:\/\/natvingen.se\/wordpress\/?page_id=39"},"modified":"2023-03-16T22:11:43","modified_gmt":"2023-03-16T22:11:43","slug":"om-nagot-hander","status":"publish","type":"page","link":"https:\/\/natvingen.se\/wordpress\/om-nagot-hander\/","title":{"rendered":"Om n\u00e5got h\u00e4nder"},"content":{"rendered":"\n<div class=\"wp-block-media-text alignwide\" style=\"grid-template-columns:13% auto\"><figure class=\"wp-block-media-text__media\"><img loading=\"lazy\" decoding=\"async\" width=\"84\" height=\"134\" src=\"https:\/\/natvingen.se\/wordpress\/wp-content\/uploads\/2019\/10\/grannar.jpg\" alt=\"\" class=\"wp-image-40 size-full\"\/><\/figure><div class=\"wp-block-media-text__content\">\n<p><strong>Kontaktperson<\/strong> f\u00f6r N\u00e4tvingestigen \u00e4r <br>Gunnar Risberg, N\u00e4tvingestigen 88.<\/p>\n<\/div><\/div>\n\n\n\n<p><strong>OPERATION SAMVERKAN MOT SKADOR<\/strong> \u00e4r ett projekt som <a href=\"http:\/\/www.lansforsakringar.se\/ostgota\/\" target=\"_blank\" rel=\"noreferrer noopener\">\u00d6stg\u00f6ta Brandstodsbolag<\/a> startat tillsammans med <a href=\"http:\/\/www.ostergotland.polisen.se\" target=\"_blank\" rel=\"noreferrer noopener\">Polisen<\/a> och <a href=\"http:\/\/www.linkoping.se\/raddningstjansten\" target=\"_blank\" rel=\"noreferrer noopener\">R\u00e4ddningstj\u00e4nsten<\/a>.\n Projektet syftar till att f\u00f6rhindra inbrott i omr\u00e5det och minska \nriskerna f\u00f6r brand- och vattenskador. Avsikten \u00e4r att h\u00f6ja den allm\u00e4nna \nmedvetenheten om risken f\u00f6r inbrott under hela \u00e5ret.\n\n<\/p>\n\n\n\n<table id=\"tablepress-1\" class=\"tablepress tablepress-id-1\">\n<tbody class=\"row-striping row-hover\">\n<tr class=\"row-1\">\n\t<td class=\"column-1\">Vatten och El dagtid<\/td><td class=\"column-2\">Tekniska Verken<\/td><td class=\"column-3\">013-20 80 00<\/td>\n<\/tr>\n<tr class=\"row-2\">\n\t<td class=\"column-1\">Vatten och El dygnet runt<\/td><td class=\"column-2\">Tekniska Verken<\/td><td class=\"column-3\">013-20 80 20<\/td>\n<\/tr>\n<tr class=\"row-3\">\n\t<td class=\"column-1\">Sn\u00f6r\u00f6jning<\/td><td class=\"column-2\">PEAB<\/td><td class=\"column-3\">070-16 99 152<\/td>\n<\/tr>\n<tr class=\"row-4\">\n\t<td class=\"column-1\">TV-n\u00e4t &amp; Data-n\u00e4t<\/td><td class=\"column-2\">F\u00f6r felanm\u00e4lan, l\u00e4s om f\u00f6rfarandet under flikarna <br \/>\nTV-n\u00e4t och Data-n\u00e4t.<\/td><td class=\"column-3\"><\/td>\n<\/tr>\n<\/tbody>\n<\/table>\n\n","protected":false},"excerpt":{"rendered":"<p>Kontaktperson f\u00f6r N\u00e4tvingestigen \u00e4r Gunnar Risberg, N\u00e4tvingestigen 88. OPERATION SAMVERKAN MOT SKADOR \u00e4r ett projekt som \u00d6stg\u00f6ta Brandstodsbolag startat tillsammans med Polisen och R\u00e4ddningstj\u00e4nsten. Projektet syftar till att f\u00f6rhindra inbrott [&hellip;]<\/p>\n","protected":false},"author":1,"featured_media":0,"parent":0,"menu_order":0,"comment_status":"closed","ping_status":"closed","template":"","meta":{"_EventAllDay":false,"_EventTimezone":"","_EventStartDate":"","_EventEndDate":"","_EventStartDateUTC":"","_EventEndDateUTC":"","_EventShowMap":false,"_EventShowMapLink":false,"_EventURL":"","_EventCost":"","_EventCostDescription":"","_EventCurrencySymbol":"","_EventCurrencyCode":"","_EventCurrencyPosition":"","_EventDateTimeSeparator":"","_EventTimeRangeSeparator":"","_EventOrganizerID":[],"_EventVenueID":[],"_OrganizerEmail":"","_OrganizerPhone":"","_OrganizerWebsite":"","_VenueAddress":"","_VenueCity":"","_VenueCountry":"","_VenueProvince":"","_VenueState":"","_VenueZip":"","_VenuePhone":"","_VenueURL":"","_VenueStateProvince":"","_VenueLat":"","_VenueLng":"","_VenueShowMap":false,"_VenueShowMapLink":false,"footnotes":""},"class_list":["post-39","page","type-page","status-publish","hentry"],"_links":{"self":[{"href":"https:\/\/natvingen.se\/wordpress\/wp-json\/wp\/v2\/pages\/39","targetHints":{"allow":["GET"]}}],"collection":[{"href":"https:\/\/natvingen.se\/wordpress\/wp-json\/wp\/v2\/pages"}],"about":[{"href":"https:\/\/natvingen.se\/wordpress\/wp-json\/wp\/v2\/types\/page"}],"author":[{"embeddable":true,"href":"https:\/\/natvingen.se\/wordpress\/wp-json\/wp\/v2\/users\/1"}],"replies":[{"embeddable":true,"href":"https:\/\/natvingen.se\/wordpress\/wp-json\/wp\/v2\/comments?post=39"}],"version-history":[{"count":10,"href":"https:\/\/natvingen.se\/wordpress\/wp-json\/wp\/v2\/pages\/39\/revisions"}],"predecessor-version":[{"id":603,"href":"https:\/\/natvingen.se\/wordpress\/wp-json\/wp\/v2\/pages\/39\/revisions\/603"}],"wp:attachment":[{"href":"https:\/\/natvingen.se\/wordpress\/wp-json\/wp\/v2\/media?parent=39"}],"curies":[{"name":"wp","href":"https:\/\/api.w.org\/{rel}","templated":true}]}}