{"id":128,"date":"2019-11-13T14:56:45","date_gmt":"2019-11-13T14:56:45","guid":{"rendered":"http:\/\/natvingen.se\/wordpress\/?page_id=128"},"modified":"2021-03-20T13:46:30","modified_gmt":"2021-03-20T13:46:30","slug":"membership-join","status":"publish","type":"page","link":"https:\/\/natvingen.se\/wordpress\/membership-join\/","title":{"rendered":"Registrera dig"},"content":{"rendered":"\n<p>Som anv\u00e4ndarnamn v\u00e4ljer du din E-postadress, dvs samma som i f\u00e4ltet e-post<br>Kontot m\u00e5ste aktiveras av administrat\u00f6r innan det g\u00e5r att logga in.<\/p>\n\n\n\n<div id=\"swpm-form-3\" class=\"swpm-form-builder-container swpm-fb-registration-form\"><form id=\"registrering-ny-boende-3\" class=\"swpm-form-builder swpm-form-3 left\" method=\"post\" enctype=\"multipart\/form-data\">\n\t<input type=\"hidden\" name=\"form_id\" value=\"3\" \/><input type =\"hidden\" name=\"level_identifier\" value=\"c81e728d9d4c2f636f067f89cc14862c\" \/><input type =\"hidden\" name=\"swpm_level_hash\" value=\"ae29422ecfe2aa37d78f9a060fe03539\" \/><input type =\"hidden\" name=\"membership_level\" value=\"2\" \/><fieldset class=\"swpm-fieldset swpm-fieldset-1 fieldset \" id=\"item-swpm-17\"><div class=\"swpm-legend\"><h3>Anv\u00e4ndarinformation<\/h3><\/div><ul class=\"swpm-section swpm-section-1\"><li class=\"swpm-item swpm-item-email   swpm-fb-anvndarnamn\" id=\"item-swpm-21\" style=\"\"><label for=\"swpm-21\" class=\"swpm-desc\">Anv\u00e4ndarnamn  <span class=\"swpm-required-asterisk\">*<\/span><\/label><span class=\"swpm-span\"><input type=\"email\"  name=\"swpm-21\" id=\"swpm-21\" value=\"\" class=\"swpm-text  swpm-medium  required  email uniqueEmail  swpm_fb_reg_form_primary_email\" \/><p>Epostadress tillika anv\u00e4ndarnam<\/p><\/span><\/li><li class=\"swpm-item swpm-item-text   swpm-fb-anvndarnamn--epost\" id=\"item-swpm-18\" style=\"\"><label for=\"swpm-18\" class=\"swpm-desc\">Anv\u00e4ndarnamn = Epost  <span class=\"swpm-required-asterisk\">*<\/span><\/label><span class=\"swpm-span\"><input type=\"text\"  name=\"swpm-18\" id=\"swpm-18\" value=\"\" class=\"swpm-text  swpm-medium  required  email nowhitespace uniqueUsername  swpm_fb_reg_form_user_name\"  \/><p>Anv\u00e4nd g\u00e4rna epostadress<\/p><\/span><\/li><li class=\"swpm-item swpm-item-password   swpm-fb-lsenord\" id=\"item-swpm-19\" style=\"\"><label for=\"swpm-19\" class=\"swpm-desc\">L\u00f6senord  <span class=\"swpm-required-asterisk\">*<\/span><\/label><div class=\"swpm-span\"><div class=\"swpm-fb-password-input\"><input type=\"password\" autocomplete=\"new-password\" placeholder=\"Skriv l\u00f6senord h\u00e4r\" name=\"swpm-19\" id=\"swpm-19\" value=\"\" class=\"swpm-text  swpm-medium  required strongPass passmin8 \" \/><\/div><div class=\"swpm-fb-retype-password-input\"><input type=\"password\" autocomplete=\"new-password\" placeholder=\"Skriv l\u00f6senordet h\u00e4r ocks\u00e5\" name=\"swpm-19_re\" id=\"swpm-19_re\" value=\"\" class=\"swpm-text  swpm-medium  required  \" \/><\/div><p>L\u00f6senord<\/p><\/div><\/li><li class=\"swpm-item swpm-item-text   swpm-fb-medlemsniv\" id=\"item-swpm-20\" style=\"\"><label for=\"swpm-20\" class=\"swpm-desc\">Medlemsniv\u00e5  <span class=\"swpm-required-asterisk\">*<\/span><\/label><input type=\"hidden\"  name=\"swpm-20\" id=\"swpm-20\" value=\"2\" class=\"swpm-text  swpm-medium  required  \"  \/><div> Boende<\/div><\/li><li class=\"swpm-item swpm-item-text   swpm-left-half swpm-fb-frnamn\" id=\"item-swpm-39\" style=\"\"><label for=\"swpm-39\" class=\"swpm-desc\">F\u00f6rnamn  <span class=\"swpm-required-asterisk\">*<\/span><\/label><span class=\"swpm-span\"><input type=\"text\"  name=\"swpm-39\" id=\"swpm-39\" value=\"\" class=\"swpm-text  swpm-medium  required  \"  \/><p>F\u00f6rnamn<\/p><\/span><\/li><li class=\"swpm-item swpm-item-text   swpm-right-half swpm-fb-efternamn\" id=\"item-swpm-41\" style=\"\"><label for=\"swpm-41\" class=\"swpm-desc\">Efternamn  <span class=\"swpm-required-asterisk\">*<\/span><\/label><span class=\"swpm-span\"><input type=\"text\"  name=\"swpm-41\" id=\"swpm-41\" value=\"\" class=\"swpm-text  swpm-medium  required  \"  \/><p>Efternamn<\/p><\/span><\/li><li class=\"swpm-item swpm-item-address   swpm-fb-address\" id=\"item-swpm-43\" style=\"\"><label class=\"swpm-desc\">Address  <span class=\"swpm-required-asterisk\">*<\/span><\/label><div><span class='swpm-span'><p>Adress p\u00e5 N\u00e4tvingestigen. Gata och nummer \u00e4r obligatoriskt<\/p><\/span><span class=\"swpm-full\"><input type=\"text\" value=\"\" name=\"swpm-43[address]\" id=\"swpm-43-address\" maxlength=\"150\" class=\"swpm-text swpm-medium  required \" \/><span class=\"swpm-form-builder-address-label-bottom\"><label for=\"swpm-43-address\">Gatuadress<\/label><\/span><\/span><span class=\"swpm-full\"><input type=\"text\" value=\"\" name=\"swpm-43[address-2]\" id=\"swpm-43-address-2\" maxlength=\"150\" class=\"swpm-text swpm-medium  \" \/><span class=\"swpm-form-builder-address-label-bottom\"><label for=\"swpm-43-address-2\">V\u00e5n, lght-nr (valfritt)<\/label><\/span><\/span><span class=\"swpm-left\"><input type=\"text\" value=\"\" name=\"swpm-43[city]\" id=\"swpm-43-city\" maxlength=\"150\" class=\"swpm-text swpm-medium  required \" \/><span class=\"swpm-form-builder-address-label-bottom\"><label for=\"swpm-43-city\">Ort<\/label><\/span><\/span><span class=\"swpm-right\"><input type=\"text\" value=\"\" name=\"swpm-43[state]\" id=\"swpm-43-state\" maxlength=\"150\" class=\"swpm-text swpm-medium  \" \/><span class=\"swpm-form-builder-address-label-bottom\"><label for=\"swpm-43-state\">Stat \/ provins \/ region<\/label><\/span><\/span><span class=\"swpm-left\"><input type=\"text\" value=\"\" name=\"swpm-43[zip]\" id=\"swpm-43-zip\" maxlength=\"150\" class=\"swpm-text swpm-medium  \" \/><span class=\"swpm-form-builder-address-label-bottom\"><label for=\"swpm-43-zip\">Postnummer<\/label><\/span><\/span><span class=\"swpm-right\"><select name=\"swpm-43[country]\" class=\"swpm-select  required \" id=\"swpm-43-country\"><option value=\"\"><\/option><option value=\"Afghanistan\">Afghanistan<\/option><option value=\"Albania\">Albania<\/option><option value=\"Algeria\">Algeria<\/option><option value=\"Andorra\">Andorra<\/option><option value=\"Angola\">Angola<\/option><option value=\"Antigua and Barbuda\">Antigua and Barbuda<\/option><option value=\"Argentina\">Argentina<\/option><option value=\"Armenia\">Armenia<\/option><option value=\"Australia\">Australia<\/option><option value=\"Austria\">Austria<\/option><option value=\"Azerbaijan\">Azerbaijan<\/option><option value=\"Bahamas\">Bahamas<\/option><option value=\"Bahrain\">Bahrain<\/option><option value=\"Bangladesh\">Bangladesh<\/option><option value=\"Barbados\">Barbados<\/option><option value=\"Belarus\">Belarus<\/option><option value=\"Belgium\">Belgium<\/option><option value=\"Belize\">Belize<\/option><option value=\"Benin\">Benin<\/option><option value=\"Bhutan\">Bhutan<\/option><option value=\"Bolivia\">Bolivia<\/option><option value=\"Bosnia and Herzegovina\">Bosnia and Herzegovina<\/option><option value=\"Botswana\">Botswana<\/option><option value=\"Brazil\">Brazil<\/option><option value=\"Brunei\">Brunei<\/option><option value=\"Bulgaria\">Bulgaria<\/option><option value=\"Burkina Faso\">Burkina Faso<\/option><option value=\"Burundi\">Burundi<\/option><option value=\"Cambodia\">Cambodia<\/option><option value=\"Cameroon\">Cameroon<\/option><option value=\"Canada\">Canada<\/option><option value=\"Cape Verde\">Cape Verde<\/option><option value=\"Cayman Islands\">Cayman Islands<\/option><option value=\"Central African Republic\">Central African Republic<\/option><option value=\"Chad\">Chad<\/option><option value=\"Chile\">Chile<\/option><option value=\"China\">China<\/option><option value=\"Colombi\">Colombi<\/option><option value=\"Comoros\">Comoros<\/option><option value=\"Congo (Brazzaville)\">Congo (Brazzaville)<\/option><option value=\"Congo\">Congo<\/option><option value=\"Costa Rica\">Costa Rica<\/option><option value=\"Cote d'Ivoire\">Cote d'Ivoire<\/option><option value=\"Croatia\">Croatia<\/option><option value=\"Cuba\">Cuba<\/option><option value=\"Cyprus\">Cyprus<\/option><option value=\"Czech Republic\">Czech Republic<\/option><option value=\"Denmark\">Denmark<\/option><option value=\"Djibouti\">Djibouti<\/option><option value=\"Dominica\">Dominica<\/option><option value=\"Dominican Republic\">Dominican Republic<\/option><option value=\"East Timor (Timor Timur)\">East Timor (Timor Timur)<\/option><option value=\"Ecuador\">Ecuador<\/option><option value=\"Egypt\">Egypt<\/option><option value=\"El Salvador\">El Salvador<\/option><option value=\"Equatorial Guinea\">Equatorial Guinea<\/option><option value=\"Eritrea\">Eritrea<\/option><option value=\"Estonia\">Estonia<\/option><option value=\"Eswatini\">Eswatini<\/option><option value=\"Ethiopia\">Ethiopia<\/option><option value=\"Fiji\">Fiji<\/option><option value=\"Finland\">Finland<\/option><option value=\"France\">France<\/option><option value=\"French Polynesia\">French Polynesia<\/option><option value=\"Gabon\">Gabon<\/option><option value=\"Gambia, The\">Gambia, The<\/option><option value=\"Georgia\">Georgia<\/option><option value=\"Germany\">Germany<\/option><option value=\"Ghana\">Ghana<\/option><option value=\"Greece\">Greece<\/option><option value=\"Grenada\">Grenada<\/option><option value=\"Guatemala\">Guatemala<\/option><option value=\"Guinea\">Guinea<\/option><option value=\"Guinea-Bissau\">Guinea-Bissau<\/option><option value=\"Guyana\">Guyana<\/option><option value=\"Haiti\">Haiti<\/option><option value=\"Honduras\">Honduras<\/option><option value=\"Hong Kong\">Hong Kong<\/option><option value=\"Hungary\">Hungary<\/option><option value=\"Iceland\">Iceland<\/option><option value=\"India\">India<\/option><option value=\"Indonesia\">Indonesia<\/option><option value=\"Iran\">Iran<\/option><option value=\"Iraq\">Iraq<\/option><option value=\"Ireland\">Ireland<\/option><option value=\"Israel\">Israel<\/option><option value=\"Italy\">Italy<\/option><option value=\"Jamaica\">Jamaica<\/option><option value=\"Japan\">Japan<\/option><option value=\"Jordan\">Jordan<\/option><option value=\"Kazakhstan\">Kazakhstan<\/option><option value=\"Kenya\">Kenya<\/option><option value=\"Kiribati\">Kiribati<\/option><option value=\"Korea, North\">Korea, North<\/option><option value=\"Korea, South\">Korea, South<\/option><option value=\"Kuwait\">Kuwait<\/option><option value=\"Kyrgyzstan\">Kyrgyzstan<\/option><option value=\"Laos\">Laos<\/option><option value=\"Latvia\">Latvia<\/option><option value=\"Lebanon\">Lebanon<\/option><option value=\"Lesotho\">Lesotho<\/option><option value=\"Liberia\">Liberia<\/option><option value=\"Libya\">Libya<\/option><option value=\"Liechtenstein\">Liechtenstein<\/option><option value=\"Lithuania\">Lithuania<\/option><option value=\"Luxembourg\">Luxembourg<\/option><option value=\"Macedonia\">Macedonia<\/option><option value=\"Madagascar\">Madagascar<\/option><option value=\"Malawi\">Malawi<\/option><option value=\"Malaysia\">Malaysia<\/option><option value=\"Maldives\">Maldives<\/option><option value=\"Mali\">Mali<\/option><option value=\"Malta\">Malta<\/option><option value=\"Marshall Islands\">Marshall Islands<\/option><option value=\"Mauritania\">Mauritania<\/option><option value=\"Mauritius\">Mauritius<\/option><option value=\"Mexico\">Mexico<\/option><option value=\"Micronesia\">Micronesia<\/option><option value=\"Moldova\">Moldova<\/option><option value=\"Monaco\">Monaco<\/option><option value=\"Mongolia\">Mongolia<\/option><option value=\"Montenegro\">Montenegro<\/option><option value=\"Morocco\">Morocco<\/option><option value=\"Mozambique\">Mozambique<\/option><option value=\"Myanmar\">Myanmar<\/option><option value=\"Namibia\">Namibia<\/option><option value=\"Nauru\">Nauru<\/option><option value=\"Nepa\">Nepa<\/option><option value=\"Netherlands\">Netherlands<\/option><option value=\"New Zealand\">New Zealand<\/option><option value=\"Nicaragua\">Nicaragua<\/option><option value=\"Niger\">Niger<\/option><option value=\"Nigeria\">Nigeria<\/option><option value=\"Norway\">Norway<\/option><option value=\"Oman\">Oman<\/option><option value=\"Pakistan\">Pakistan<\/option><option value=\"Palau\">Palau<\/option><option value=\"Panama\">Panama<\/option><option value=\"Papua New Guinea\">Papua New Guinea<\/option><option value=\"Paraguay\">Paraguay<\/option><option value=\"Peru\">Peru<\/option><option value=\"Philippines\">Philippines<\/option><option value=\"Poland\">Poland<\/option><option value=\"Portugal\">Portugal<\/option><option value=\"Qatar\">Qatar<\/option><option value=\"Romania\">Romania<\/option><option value=\"Russia\">Russia<\/option><option value=\"Rwanda\">Rwanda<\/option><option value=\"Saint Kitts and Nevis\">Saint Kitts and Nevis<\/option><option value=\"Saint Lucia\">Saint Lucia<\/option><option value=\"Saint Vincent\">Saint Vincent<\/option><option value=\"Samoa\">Samoa<\/option><option value=\"San Marino\">San Marino<\/option><option value=\"Sao Tome and Principe\">Sao Tome and Principe<\/option><option value=\"Saudi Arabia\">Saudi Arabia<\/option><option value=\"Senegal\">Senegal<\/option><option value=\"Serbia\">Serbia<\/option><option value=\"Seychelles\">Seychelles<\/option><option value=\"Sierra Leone\">Sierra Leone<\/option><option value=\"Singapore\">Singapore<\/option><option value=\"Slovakia\">Slovakia<\/option><option value=\"Slovenia\">Slovenia<\/option><option value=\"Solomon Islands\">Solomon Islands<\/option><option value=\"Somalia\">Somalia<\/option><option value=\"South Africa\">South Africa<\/option><option value=\"Spain\">Spain<\/option><option value=\"Sri Lanka\">Sri Lanka<\/option><option value=\"Sudan\">Sudan<\/option><option value=\"Suriname\">Suriname<\/option><option value=\"Sweden\" selected='selected'>Sweden<\/option><option value=\"Switzerland\">Switzerland<\/option><option value=\"Syria\">Syria<\/option><option value=\"Taiwan\">Taiwan<\/option><option value=\"Tajikistan\">Tajikistan<\/option><option value=\"Tanzania\">Tanzania<\/option><option value=\"Thailand\">Thailand<\/option><option value=\"Togo\">Togo<\/option><option value=\"Tonga\">Tonga<\/option><option value=\"Trinidad and Tobago\">Trinidad and Tobago<\/option><option value=\"Tunisia\">Tunisia<\/option><option value=\"Turkey\">Turkey<\/option><option value=\"Turkmenistan\">Turkmenistan<\/option><option value=\"Tuvalu\">Tuvalu<\/option><option value=\"Uganda\">Uganda<\/option><option value=\"Ukraine\">Ukraine<\/option><option value=\"United Arab Emirates\">United Arab Emirates<\/option><option value=\"United Kingdom\">United Kingdom<\/option><option value=\"United States of America\">United States of America<\/option><option value=\"Uruguay\">Uruguay<\/option><option value=\"Uzbekistan\">Uzbekistan<\/option><option value=\"Vanuatu\">Vanuatu<\/option><option value=\"Vatican City\">Vatican City<\/option><option value=\"Venezuela\">Venezuela<\/option><option value=\"Vietnam\">Vietnam<\/option><option value=\"Yemen\">Yemen<\/option><option value=\"Zambia\">Zambia<\/option><option value=\"Zimbabwe\">Zimbabwe<\/option><\/select><span class=\"swpm-form-builder-address-label-bottom\"><label for=\"swpm-43-country\">Land<\/label><\/span><\/span><\/div><\/li><li class=\"swpm-item swpm-item-phone   swpm-fb-telefonnummer\" id=\"item-swpm-67\" style=\"\"><label for=\"swpm-67\" class=\"swpm-desc\">Telefonnummer  <span class=\"swpm-required-asterisk\">*<\/span><\/label><span class=\"swpm-span\"><input type=\"tel\"  name=\"swpm-67\" id=\"swpm-67\" value=\"\" class=\"swpm-text  swpm-medium  required  phone \"  \/><p>Prim\u00e4rt telefonnummer<\/p><\/span><\/li><li class=\"swpm-item swpm-item-date   swpm-fb-inflyttningsdatum\" id=\"item-swpm-45\" style=\"\"><label for=\"swpm-45\" class=\"swpm-desc\">Inflyttningsdatum  <span class=\"swpm-required-asterisk\">*<\/span><\/label><span class=\"swpm-span\"><input type=\"text\" name=\"swpm-45\" id=\"swpm-45\" value=\"\" class=\"swpm-text swpm-date-picker  swpm-medium  required \"  data-dp-dateFormat=\"mm\/dd\/yy\" \/><p>Ange datum f\u00f6r inflyttning s\u00e5 v\u00e5rt ekonomisystem kan uppdateras.<\/p><\/span><\/li><li class=\"swpm-item swpm-item-radio   swpm-fb-tillgng-till-elbilsladdning\" id=\"item-swpm-47\" style=\"\"><label class=\"swpm-desc\">Tillg\u00e5ng till elbilsladdning  <span class=\"swpm-required-asterisk\">*<\/span><\/label><div><div class=\"swpm-span\"><input type=\"radio\" name=\"swpm-47\" id=\"swpm-47-0\" value=\"Ja\" class=\"swpm-radio  required \" \/><label for=\"swpm-47-0\" class=\"swpm-choice\">Ja<\/label><\/div><div class=\"swpm-span\"><input type=\"radio\" name=\"swpm-47\" id=\"swpm-47-1\" value=\"Nej\" class=\"swpm-radio  required \" \/><label for=\"swpm-47-1\" class=\"swpm-choice\">Nej<\/label><\/div><span><p>Aktivering av laddbox f\u00f6r elbil.\r\nIngen debitering ut\u00f6ver f\u00f6rbrukad el<\/p><\/span><div style=\"clear:both\"><\/div><\/div><\/li><li class=\"swpm-item swpm-item-text   swpm-fb-registreringsnummer---frivilligt\" id=\"item-swpm-49\" style=\"\"><label for=\"swpm-49\" class=\"swpm-desc\">Registreringsnummer - frivilligt <\/label><span class=\"swpm-span\"><input type=\"text\"  name=\"swpm-49\" id=\"swpm-49\" value=\"\" class=\"swpm-text  swpm-medium   \"  \/><p>Ange g\u00e4rna registreringsnummer p\u00e5 din bil f\u00f6r att enkelt informera vid problem etc.<\/p><\/span><\/li><\/ul>&nbsp;<\/fieldset><fieldset class=\"swpm-fieldset swpm-verification\" style=\"display:block\">\n                <div class=\"swpm-legend\"><h3>Kontrollfrga<\/h3><\/div>\n                <ul class=\"swpm-section swpm-section-18\">\n                <li class=\"swpm-item swpm-item-text\" style=\"display:block\">\n                <div align=\"center\"> <div class=\"swpm-recaptcha-section\" style=\"margin-bottom: 15px;\"><style type=\"text\/css\">@media screen and (max-width: 375px) {\n            .swpm_g_captcha{transform:scale(0.77);transform-origin:0;-webkit-transform:scale(0.77);-webkit-transform-origin:0 0;}\n        }<\/style><script src=\"https:\/\/www.google.com\/recaptcha\/api.js\" async defer><\/script><div class=\"swpm_g_captcha\"><div class=\"g-recaptcha\" data-sitekey=\"6LeqHvorAAAAALOHEc0Luyh6sq5Iw9pRHTT66QqD\" data-theme=\"light\" data-size=\"normal\"><\/div><\/div><\/div><\/div>\n                <\/li><li style=\"display:none;\"><label>This box is for spam protection - <strong>please leave it blank<\/strong>:<\/label><div><input name=\"swpm-spam\" \/><\/div><\/li>\n    <p class=\"swpm-item swpm-item-submit swpm-edit-profile-submit-section\" id=\"item-swpm-24\">\n                <input type=\"submit\" name=\"swpm-fb-submit\" id=\"swpm-24\" value=\"Submit\" class=\"swpm-submit \" \/>\n                <\/p><\/ul>\n    <\/fieldset><input type=\"hidden\" name=\"_wp_http_referer\" value=\"\/wordpress\/wp-json\/wp\/v2\/pages\/128\" \/><\/form><\/div> <!-- .swpm-form-builder-container -->\n","protected":false},"excerpt":{"rendered":"<p>Som anv\u00e4ndarnamn v\u00e4ljer du din E-postadress, dvs samma som i f\u00e4ltet e-postKontot m\u00e5ste aktiveras av administrat\u00f6r innan det g\u00e5r att logga in.<\/p>\n","protected":false},"author":1,"featured_media":0,"parent":0,"menu_order":0,"comment_status":"closed","ping_status":"closed","template":"","meta":{"_EventAllDay":false,"_EventTimezone":"","_EventStartDate":"","_EventEndDate":"","_EventStartDateUTC":"","_EventEndDateUTC":"","_EventShowMap":false,"_EventShowMapLink":false,"_EventURL":"","_EventCost":"","_EventCostDescription":"","_EventCurrencySymbol":"","_EventCurrencyCode":"","_EventCurrencyPosition":"","_EventDateTimeSeparator":"","_EventTimeRangeSeparator":"","_EventOrganizerID":[],"_EventVenueID":[],"_OrganizerEmail":"","_OrganizerPhone":"","_OrganizerWebsite":"","_VenueAddress":"","_VenueCity":"","_VenueCountry":"","_VenueProvince":"","_VenueState":"","_VenueZip":"","_VenuePhone":"","_VenueURL":"","_VenueStateProvince":"","_VenueLat":"","_VenueLng":"","_VenueShowMap":false,"_VenueShowMapLink":false,"footnotes":""},"class_list":["post-128","page","type-page","status-publish","hentry"],"_links":{"self":[{"href":"https:\/\/natvingen.se\/wordpress\/wp-json\/wp\/v2\/pages\/128","targetHints":{"allow":["GET"]}}],"collection":[{"href":"https:\/\/natvingen.se\/wordpress\/wp-json\/wp\/v2\/pages"}],"about":[{"href":"https:\/\/natvingen.se\/wordpress\/wp-json\/wp\/v2\/types\/page"}],"author":[{"embeddable":true,"href":"https:\/\/natvingen.se\/wordpress\/wp-json\/wp\/v2\/users\/1"}],"replies":[{"embeddable":true,"href":"https:\/\/natvingen.se\/wordpress\/wp-json\/wp\/v2\/comments?post=128"}],"version-history":[{"count":7,"href":"https:\/\/natvingen.se\/wordpress\/wp-json\/wp\/v2\/pages\/128\/revisions"}],"predecessor-version":[{"id":376,"href":"https:\/\/natvingen.se\/wordpress\/wp-json\/wp\/v2\/pages\/128\/revisions\/376"}],"wp:attachment":[{"href":"https:\/\/natvingen.se\/wordpress\/wp-json\/wp\/v2\/media?parent=128"}],"curies":[{"name":"wp","href":"https:\/\/api.w.org\/{rel}","templated":true}]}}